{"id":7,"date":"2021-09-22T22:09:50","date_gmt":"2021-09-23T01:09:50","guid":{"rendered":"http:\/\/vivamusica.org.br\/home\/?page_id=7"},"modified":"2024-04-25T14:10:49","modified_gmt":"2024-04-25T17:10:49","slug":"o-instituto","status":"publish","type":"page","link":"https:\/\/vivamusica.org.br\/home\/viva-musica\/o-instituto\/","title":{"rendered":"O Instituto"},"content":{"rendered":"<p>[vc_row][vc_column][vc_column_text css_animation=&#8221;rollIn&#8221;]<\/p>\n<div style=\"font-size: 18px; line-hright: 26px;\">\n<p style=\"text-align: left;\">O Instituto Sociocultural Artur Friesen \u00e9 uma associa\u00e7\u00e3o sem fins econ\u00f4micos, de direito privado, com autonomia administrativa e financeira.<\/p>\n<p style=\"text-align: left;\">Fundado no dia 8 de dezembro de 2009, o Instituto possui\u00a0certifica\u00e7\u00e3o de Organiza\u00e7\u00e3o Social de Interesse P\u00fablico \u2013\u00a0OSCIP desde julho de 2011.<\/p>\n<p style=\"text-align: left;\">O Instituto Friesen est\u00e1 situado na Rua 7 de Setembro, 644, sala 01, Centro &#8211; Blumenau<\/p>\n<p>&nbsp;<\/p>\n<h3>MISS\u00c3O<\/h3>\n<p>Transformar a vida de pessoas atrav\u00e9s da m\u00fasica<\/p>\n<h3>VIS\u00c3O<\/h3>\n<p>Ser refer\u00eancia em transforma\u00e7\u00e3o da vida de pessoas atrav\u00e9s da m\u00fasica<\/p>\n<h3>VALORES<\/h3>\n<p>Integridade, Respeito, Responsabilidade, Paix\u00e3o<\/p>\n<\/div>\n<p>[\/vc_column_text][vc_empty_space][vc_empty_space][vc_column_text css_animation=&#8221;rollIn&#8221;]<\/p>\n<div style=\"font-size: 18px; line-hright: 26px;\">\n<h2 style=\"text-align: center;\"><strong>Com os objetivos de:<\/strong><\/h2>\n<ul class=\"check li_style_1\" style=\"text-align: left;\">\n<li>Desenvolver a atividade cultural;<\/li>\n<li>Organizar treinamentos, palestras, semin\u00e1rios, workshops, feiras, eventos, cursos e oficinas;<\/li>\n<li>Desenvolver programas de atualiza\u00e7\u00e3o e prepara\u00e7\u00e3o profissional na \u00e1rea da cultura;<\/li>\n<li>Desenvolver programas em parceria, est\u00e1gios, estudos, projetos, extens\u00f5es e pesquisas com faculdades universidade, escolas t\u00e9cnicas e profissionalizantes, com foco na cultura;<\/li>\n<li>Desenvolver programas de treinamento e capacita\u00e7\u00e3o profissional aos jovens, com foco nas diversas manifesta\u00e7\u00f5es culturais;<\/li>\n<li>Desenvolver programas de produ\u00e7\u00e3o musical e linguagem musical;<\/li>\n<li>Organizar festivais, apresenta\u00e7\u00f5es e shows;<\/li>\n<li>Organizar programas de apoio aos profissionais da m\u00fasica;<\/li>\n<li>Organizar e manter escola de m\u00fasica;<\/li>\n<li>Desenvolver programas especiais para terceira idade na \u00e1rea cultural;<\/li>\n<li>Desenvolver programas de m\u00fasica nas escolas;<\/li>\n<li>Desenvolver programas de produ\u00e7\u00e3o e grava\u00e7\u00e3o musical e atividade cultural;<\/li>\n<li>Desenvolver e produzir treinamentos, palestras, semin\u00e1rios, eventos e cursos nas seguintes manifesta\u00e7\u00f5es;<br \/>\na) artes c\u00eanicas como teatro, musicais, dan\u00e7a, circo e at\u00e9 manuten\u00e7\u00e3o de salas de teatro;<br \/>\nb) audiovisual: produ\u00e7\u00e3o de curta e m\u00e9dia metragem para r\u00e1dios e TV\u00b4s, doa\u00e7\u00e3o ou restaura\u00e7\u00e3o de acervo e difus\u00e3o do conte\u00fado, entre outros.<\/li>\n<\/ul>\n<\/div>\n<p>[\/vc_column_text][vc_empty_space][vc_empty_space][\/vc_column][\/vc_row][vc_row][vc_column][vc_empty_space][vc_column_text css_animation=&#8221;rollIn&#8221;]<\/p>\n<div style=\"font-size: 18px; line-hright: 26px;\">\n<h2 style=\"text-align: center;\"><strong>Pretende-se:<\/strong><\/h2>\n<ul class=\"check li_style_1\" style=\"text-align: left;\">\n<li>aumentar e emular nas pessoas a auto-estima, a confian\u00e7a, o trabalho coletivo, a seguran\u00e7a, a troca de experi\u00eancias e o conv\u00edvio m\u00fatuo entre diferentes crian\u00e7as, jovens e adolescentes e suas respectivas realidades;<\/li>\n<li>democratizar o acesso \u00e0 cultura, garantindo acesso universal aos participantes dos programas e projetos, na perspectiva de constituir cidad\u00e3os conscientes da necessidade de transformar a cultura em um elemento presente no cotidiano das fam\u00edlias;<\/li>\n<li>promover o empoderamento dos participantes em rela\u00e7\u00e3o aos bens culturais como um direito constitucional que deve ser elevado ao grau de import\u00e2ncia de todos os outros direitos fundamentais ao cidad\u00e3o;<\/li>\n<li>fomentar o auto-reconhecimento e valoriza\u00e7\u00e3o de sua atua\u00e7\u00e3o e aprendizado frente aos desafios e dificuldades, bem como buscar envolver as comunidades atendidas pelo projeto em a\u00e7\u00f5es sociais e de recupera\u00e7\u00e3o da juventude.<\/li>\n<\/ul>\n<\/div>\n<p>[\/vc_column_text][\/vc_column][\/vc_row]<\/p>\n","protected":false},"excerpt":{"rendered":"<p>[vc_row][vc_column][vc_column_text css_animation=&#8221;rollIn&#8221;] O Instituto Sociocultural Artur Friesen \u00e9 uma associa\u00e7\u00e3o sem fins econ\u00f4micos, de direito privado, com autonomia administrativa e financeira. Fundado no dia 8 de dezembro de 2009, o Instituto possui\u00a0certifica\u00e7\u00e3o de Organiza\u00e7\u00e3o Social de Interesse P\u00fablico \u2013\u00a0OSCIP desde julho de 2011. O Instituto Friesen est\u00e1 situado na Rua 7 de Setembro, 644, sala&hellip;<\/p>\n","protected":false},"author":1,"featured_media":0,"parent":2,"menu_order":0,"comment_status":"closed","ping_status":"closed","template":"","meta":{"footnotes":""},"_links":{"self":[{"href":"https:\/\/vivamusica.org.br\/home\/wp-json\/wp\/v2\/pages\/7"}],"collection":[{"href":"https:\/\/vivamusica.org.br\/home\/wp-json\/wp\/v2\/pages"}],"about":[{"href":"https:\/\/vivamusica.org.br\/home\/wp-json\/wp\/v2\/types\/page"}],"author":[{"embeddable":true,"href":"https:\/\/vivamusica.org.br\/home\/wp-json\/wp\/v2\/users\/1"}],"replies":[{"embeddable":true,"href":"https:\/\/vivamusica.org.br\/home\/wp-json\/wp\/v2\/comments?post=7"}],"version-history":[{"count":22,"href":"https:\/\/vivamusica.org.br\/home\/wp-json\/wp\/v2\/pages\/7\/revisions"}],"predecessor-version":[{"id":585,"href":"https:\/\/vivamusica.org.br\/home\/wp-json\/wp\/v2\/pages\/7\/revisions\/585"}],"up":[{"embeddable":true,"href":"https:\/\/vivamusica.org.br\/home\/wp-json\/wp\/v2\/pages\/2"}],"wp:attachment":[{"href":"https:\/\/vivamusica.org.br\/home\/wp-json\/wp\/v2\/media?parent=7"}],"curies":[{"name":"wp","href":"https:\/\/api.w.org\/{rel}","templated":true}]}}