{"id":17,"date":"2021-09-22T22:27:11","date_gmt":"2021-09-23T01:27:11","guid":{"rendered":"http:\/\/vivamusica.org.br\/home\/?page_id=17"},"modified":"2026-04-16T16:09:56","modified_gmt":"2026-04-16T19:09:56","slug":"relatorios","status":"publish","type":"page","link":"https:\/\/vivamusica.org.br\/home\/relatorios\/","title":{"rendered":"Relat\u00f3rios"},"content":{"rendered":"<p>[vc_row][vc_column width=&#8221;1\/3&#8243;][vc_column_text css_animation=&#8221;fadeInRight&#8221;]<strong>Como acompanhar as atividades do Projeto Viva M\u00fasica?\u00a0<\/strong><\/p>\n<p>Acompanhe o nosso dia a dia nas redes sociais e fa\u00e7a o download dos Relat\u00f3rios Semestrais dispon\u00edveis aqui ao lado.<\/p>\n<p>Se tiver alguma d\u00favida ou sugest\u00e3o, fale com a gente.[\/vc_column_text][vc_empty_space height=&#8221;20px&#8221;][vc_single_image image=&#8221;787&#8243; img_size=&#8221;full&#8221;][\/vc_column][vc_column width=&#8221;1\/3&#8243;][vc_btn title=&#8221;Relat\u00f3rio 2026 &#8211; 1\u00ba Trimestre&#8221; color=&#8221;warning&#8221; align=&#8221;center&#8221; i_icon_fontawesome=&#8221;fa fa-book&#8221; button_block=&#8221;true&#8221; add_icon=&#8221;true&#8221; link=&#8221;url:https%3A%2F%2Fvivamusica.org.br%2Fhome%2Fwp-content%2Fuploads%2F2026%2F04%2FRelatorio-Trimestral-12026.pdf||target:%20_blank|&#8221;][vc_btn title=&#8221;Relat\u00f3rio 2025 &#8211; 2\u00ba Semestre&#8221; color=&#8221;warning&#8221; align=&#8221;center&#8221; i_icon_fontawesome=&#8221;fa fa-book&#8221; button_block=&#8221;true&#8221; add_icon=&#8221;true&#8221; link=&#8221;url:https%3A%2F%2Fvivamusica.org.br%2Fhome%2Fwp-content%2Fuploads%2F2026%2F01%2FRelatorio-Viva-Musica-20252.pdf||target:%20_blank|&#8221;][vc_btn title=&#8221;Relat\u00f3rio 2025 &#8211; 1\u00ba Semestre&#8221; color=&#8221;warning&#8221; align=&#8221;center&#8221; i_icon_fontawesome=&#8221;fa fa-book&#8221; button_block=&#8221;true&#8221; add_icon=&#8221;true&#8221; link=&#8221;url:https%3A%2F%2Fvivamusica.org.br%2Fhome%2Fwp-content%2Fuploads%2F2025%2F08%2FViva-Musica-2025-1.pdf||target:%20_blank|&#8221;][vc_btn title=&#8221;Relat\u00f3rio 2024 &#8211; 2\u00ba Semestre&#8221; color=&#8221;warning&#8221; align=&#8221;center&#8221; i_icon_fontawesome=&#8221;fa fa-book&#8221; button_block=&#8221;true&#8221; add_icon=&#8221;true&#8221; link=&#8221;url:https%3A%2F%2Fvivamusica.org.br%2Fhome%2Fwp-content%2Fuploads%2F2025%2F02%2FViva-Musica-2024-2.pdf||target:%20_blank|&#8221;][vc_btn title=&#8221;Relat\u00f3rio 2024 &#8211; 1\u00ba Semestre&#8221; color=&#8221;warning&#8221; align=&#8221;center&#8221; i_icon_fontawesome=&#8221;fa fa-book&#8221; button_block=&#8221;true&#8221; add_icon=&#8221;true&#8221; link=&#8221;url:https%3A%2F%2Fvivamusica.org.br%2Fhome%2Fwp-content%2Fuploads%2F2024%2F08%2FViva-Musica-2024-1-web.pdf||target:%20_blank|&#8221;][vc_btn title=&#8221;Relat\u00f3rio 2023 &#8211; 2\u00ba Semestre&#8221; color=&#8221;warning&#8221; align=&#8221;center&#8221; i_icon_fontawesome=&#8221;fa fa-book&#8221; button_block=&#8221;true&#8221; add_icon=&#8221;true&#8221; link=&#8221;url:https%3A%2F%2Fvivamusica.org.br%2Fhome%2Fwp-content%2Fuploads%2F2024%2F01%2FViva-Musica-2023-OK-WEB.pdf||target:%20_blank|&#8221;][vc_btn title=&#8221;Relat\u00f3rio 2023 &#8211; 1\u00ba Semestre&#8221; color=&#8221;warning&#8221; align=&#8221;center&#8221; i_icon_fontawesome=&#8221;fa fa-book&#8221; button_block=&#8221;true&#8221; add_icon=&#8221;true&#8221; link=&#8221;url:http%3A%2F%2Fwww.relatorios.projetovivamusica.org.br%2F20231||target:%20_blank|&#8221;][vc_btn title=&#8221;Relat\u00f3rio 2022 &#8211; 2\u00ba Semestre&#8221; color=&#8221;warning&#8221; align=&#8221;center&#8221; i_icon_fontawesome=&#8221;fa fa-book&#8221; button_block=&#8221;true&#8221; add_icon=&#8221;true&#8221; link=&#8221;url:http%3A%2F%2Fwww.relatorios.projetovivamusica.org.br%2F20222||target:%20_blank|&#8221;][vc_btn title=&#8221;Relat\u00f3rio 2022 &#8211; 1\u00ba Semestre&#8221; color=&#8221;warning&#8221; align=&#8221;center&#8221; i_icon_fontawesome=&#8221;fa fa-book&#8221; button_block=&#8221;true&#8221; add_icon=&#8221;true&#8221; link=&#8221;url:http%3A%2F%2Fwww.relatorios.projetovivamusica.org.br%2F20221%2F||target:%20_blank|&#8221;][vc_btn title=&#8221;Relat\u00f3rio 2021 &#8211; 2\u00ba Semestre&#8221; color=&#8221;warning&#8221; align=&#8221;center&#8221; i_icon_fontawesome=&#8221;fa fa-book&#8221; button_block=&#8221;true&#8221; add_icon=&#8221;true&#8221; link=&#8221;url:http%3A%2F%2Fwww.relatorios.projetovivamusica.org.br%2F20212%2F||target:%20_blank|&#8221;][vc_btn title=&#8221;Relat\u00f3rio 2021 &#8211; 1\u00ba Semestre&#8221; color=&#8221;warning&#8221; align=&#8221;center&#8221; i_icon_fontawesome=&#8221;fa fa-book&#8221; button_block=&#8221;true&#8221; add_icon=&#8221;true&#8221; link=&#8221;url:http%3A%2F%2Fwww.relatorios.projetovivamusica.org.br%2F2021%2F||target:%20_blank|&#8221;][vc_btn title=&#8221;Relat\u00f3rio 2019 &#8211; 2\u00ba Semestre&#8221; color=&#8221;warning&#8221; align=&#8221;center&#8221; i_icon_fontawesome=&#8221;fa fa-book&#8221; button_block=&#8221;true&#8221; add_icon=&#8221;true&#8221; link=&#8221;url:http%3A%2F%2Fvivamusica.org.br%2Fhome%2Fwp-content%2Fuploads%2F2022%2F08%2FRelatorio-2019-2-semestre.pdf||target:%20_blank|&#8221;][vc_btn title=&#8221;Relat\u00f3rio 2019 &#8211; 1\u00ba Semestre&#8221; color=&#8221;warning&#8221; align=&#8221;center&#8221; i_icon_fontawesome=&#8221;fa fa-book&#8221; button_block=&#8221;true&#8221; add_icon=&#8221;true&#8221; link=&#8221;url:http%3A%2F%2Fvivamusica.org.br%2Fhome%2Fwp-content%2Fuploads%2F2022%2F08%2FRelatorio-2019-1-semestre.pdf||target:%20_blank|&#8221;][\/vc_column][vc_column width=&#8221;1\/3&#8243;][vc_btn title=&#8221;Relat\u00f3rio 2018 &#8211; 2\u00ba Semestre&#8221; color=&#8221;warning&#8221; align=&#8221;center&#8221; i_icon_fontawesome=&#8221;fa fa-book&#8221; button_block=&#8221;true&#8221; add_icon=&#8221;true&#8221; link=&#8221;url:http%3A%2F%2Fvivamusica.org.br%2Fhome%2Fwp-content%2Fuploads%2F2022%2F08%2FRelatorio-2018-2-semestre.pdf||target:%20_blank|&#8221;][vc_btn title=&#8221;Relat\u00f3rio 2018 &#8211; 1\u00ba Semestre&#8221; color=&#8221;warning&#8221; align=&#8221;center&#8221; i_icon_fontawesome=&#8221;fa fa-book&#8221; button_block=&#8221;true&#8221; add_icon=&#8221;true&#8221; link=&#8221;url:http%3A%2F%2Fvivamusica.org.br%2Fhome%2Fwp-content%2Fuploads%2F2022%2F08%2FRelatorio-2018-1-semestre.pdf||target:%20_blank|&#8221;][vc_btn title=&#8221;Relat\u00f3rio 2017 &#8211; 2\u00ba Semestre&#8221; color=&#8221;warning&#8221; align=&#8221;center&#8221; i_icon_fontawesome=&#8221;fa fa-book&#8221; button_block=&#8221;true&#8221; add_icon=&#8221;true&#8221; link=&#8221;url:http%3A%2F%2Fvivamusica.org.br%2Fhome%2Fwp-content%2Fuploads%2F2022%2F08%2FRelatorio-2017-2-semestre.pdf||target:%20_blank|&#8221;][vc_btn title=&#8221;Relat\u00f3rio 2017 &#8211; 1\u00ba Semestre&#8221; color=&#8221;warning&#8221; align=&#8221;center&#8221; i_icon_fontawesome=&#8221;fa fa-book&#8221; button_block=&#8221;true&#8221; add_icon=&#8221;true&#8221; link=&#8221;url:http%3A%2F%2Fvivamusica.org.br%2Fhome%2Fwp-content%2Fuploads%2F2022%2F08%2FRelatorio-2017-1-semestre.pdf||target:%20_blank|&#8221;][vc_btn title=&#8221;Relat\u00f3rio 2016 &#8211; 2\u00ba Semestre&#8221; color=&#8221;warning&#8221; align=&#8221;center&#8221; i_icon_fontawesome=&#8221;fa fa-book&#8221; button_block=&#8221;true&#8221; add_icon=&#8221;true&#8221; link=&#8221;url:http%3A%2F%2Fvivamusica.org.br%2Fhome%2Fwp-content%2Fuploads%2F2022%2F08%2FRelatorio-2016-2-semestre.pdf||target:%20_blank|&#8221;][vc_btn title=&#8221;Relat\u00f3rio 2016 &#8211; 1\u00ba Semestre&#8221; color=&#8221;warning&#8221; align=&#8221;center&#8221; i_icon_fontawesome=&#8221;fa fa-book&#8221; button_block=&#8221;true&#8221; add_icon=&#8221;true&#8221; link=&#8221;url:http%3A%2F%2Fvivamusica.org.br%2Fhome%2Fwp-content%2Fuploads%2F2022%2F08%2FRelatorio-2016-1-semestre.pdf||target:%20_blank|&#8221;][vc_btn title=&#8221;Relat\u00f3rio 2015 &#8211; 1\u00ba Semestre&#8221; color=&#8221;warning&#8221; align=&#8221;center&#8221; i_icon_fontawesome=&#8221;fa fa-book&#8221; button_block=&#8221;true&#8221; add_icon=&#8221;true&#8221; link=&#8221;url:http%3A%2F%2Fvivamusica.org.br%2Fhome%2Fwp-content%2Fuploads%2F2022%2F08%2FRelatorio-2015-1-semestre.pdf||target:%20_blank|&#8221;][vc_btn title=&#8221;Relat\u00f3rio 2014 &#8211; 2\u00ba Semestre&#8221; color=&#8221;warning&#8221; align=&#8221;center&#8221; i_icon_fontawesome=&#8221;fa fa-book&#8221; button_block=&#8221;true&#8221; add_icon=&#8221;true&#8221; link=&#8221;url:http%3A%2F%2Fvivamusica.org.br%2Fhome%2Fwp-content%2Fuploads%2F2022%2F08%2FRelatorio-2014-2-semestre.pdf||target:%20_blank|&#8221;][vc_btn title=&#8221;Relat\u00f3rio 2014 &#8211; 1\u00ba Semestre&#8221; color=&#8221;warning&#8221; align=&#8221;center&#8221; i_icon_fontawesome=&#8221;fa fa-book&#8221; button_block=&#8221;true&#8221; add_icon=&#8221;true&#8221; link=&#8221;url:http%3A%2F%2Fvivamusica.org.br%2Fhome%2Fwp-content%2Fuploads%2F2022%2F08%2FRelatorio-2014-1-semestre.pdf||target:%20_blank|&#8221;][vc_btn title=&#8221;Relat\u00f3rio 2013 &#8211; Anual&#8221; color=&#8221;warning&#8221; align=&#8221;center&#8221; i_icon_fontawesome=&#8221;fa fa-book&#8221; button_block=&#8221;true&#8221; add_icon=&#8221;true&#8221; link=&#8221;url:http%3A%2F%2Fvivamusica.org.br%2Fhome%2Fwp-content%2Fuploads%2F2022%2F08%2FRelatorio-2013-anual.pdf||target:%20_blank|&#8221;][\/vc_column][\/vc_row][vc_row][vc_column][\/vc_column][\/vc_row]<\/p>\n","protected":false},"excerpt":{"rendered":"<p>[vc_row][vc_column width=&#8221;1\/3&#8243;][vc_column_text css_animation=&#8221;fadeInRight&#8221;]Como acompanhar as atividades do Projeto Viva M\u00fasica?\u00a0 Acompanhe o nosso dia a dia nas redes sociais e fa\u00e7a o download dos Relat\u00f3rios Semestrais dispon\u00edveis aqui ao lado. Se tiver alguma d\u00favida ou sugest\u00e3o, fale com a gente.[\/vc_column_text][vc_empty_space height=&#8221;20px&#8221;][vc_single_image image=&#8221;787&#8243; img_size=&#8221;full&#8221;][\/vc_column][vc_column width=&#8221;1\/3&#8243;][vc_btn title=&#8221;Relat\u00f3rio 2026 &#8211; 1\u00ba Trimestre&#8221; color=&#8221;warning&#8221; align=&#8221;center&#8221; i_icon_fontawesome=&#8221;fa fa-book&#8221; button_block=&#8221;true&#8221; add_icon=&#8221;true&#8221;&hellip;<\/p>\n","protected":false},"author":1,"featured_media":0,"parent":0,"menu_order":0,"comment_status":"closed","ping_status":"closed","template":"","meta":{"footnotes":""},"_links":{"self":[{"href":"https:\/\/vivamusica.org.br\/home\/wp-json\/wp\/v2\/pages\/17"}],"collection":[{"href":"https:\/\/vivamusica.org.br\/home\/wp-json\/wp\/v2\/pages"}],"about":[{"href":"https:\/\/vivamusica.org.br\/home\/wp-json\/wp\/v2\/types\/page"}],"author":[{"embeddable":true,"href":"https:\/\/vivamusica.org.br\/home\/wp-json\/wp\/v2\/users\/1"}],"replies":[{"embeddable":true,"href":"https:\/\/vivamusica.org.br\/home\/wp-json\/wp\/v2\/comments?post=17"}],"version-history":[{"count":34,"href":"https:\/\/vivamusica.org.br\/home\/wp-json\/wp\/v2\/pages\/17\/revisions"}],"predecessor-version":[{"id":791,"href":"https:\/\/vivamusica.org.br\/home\/wp-json\/wp\/v2\/pages\/17\/revisions\/791"}],"wp:attachment":[{"href":"https:\/\/vivamusica.org.br\/home\/wp-json\/wp\/v2\/media?parent=17"}],"curies":[{"name":"wp","href":"https:\/\/api.w.org\/{rel}","templated":true}]}}