{"id":153,"date":"2021-09-29T03:05:01","date_gmt":"2021-09-29T06:05:01","guid":{"rendered":"http:\/\/vivamusica.org.br\/home\/?page_id=153"},"modified":"2025-02-25T08:44:16","modified_gmt":"2025-02-25T11:44:16","slug":"fotos","status":"publish","type":"page","link":"https:\/\/vivamusica.org.br\/home\/fotos\/","title":{"rendered":"Fotos"},"content":{"rendered":"<p>[vc_row][vc_column][vc_column_text]<\/p>\n<h2>Download das Fotos<\/h2>\n<p>[\/vc_column_text][vc_empty_space height=&#8221;55px&#8221;][vc_cta h2=&#8221;FOTOS EVENTO EM BLUMENAU&#8221; add_button=&#8221;right&#8221; btn_title=&#8221;DOWNLOAD&#8221; btn_color=&#8221;danger&#8221; add_icon=&#8221;left&#8221; i_icon_fontawesome=&#8221;fa fa-camera&#8221; css_animation=&#8221;fadeInLeftBig&#8221; btn_link=&#8221;url:https%3A%2F%2Fdrive.google.com%2Fdrive%2Ffolders%2F1eD2jOLgbIbgM1ZuWWDf_6hjLi4LaW5OO%3Fusp%3Dsharing|||&#8221;]FA\u00c7A O DOWNLOAD DAS FOTOS DO VIVA M\u00daSICA SHOW 2024 &#8211; BLUMENAU[\/vc_cta][vc_cta h2=&#8221;FOTOS EVENTO EM FLORIAN\u00d3POLIS&#8221; add_button=&#8221;right&#8221; btn_title=&#8221;DOWNLOAD&#8221; btn_color=&#8221;danger&#8221; add_icon=&#8221;left&#8221; i_icon_fontawesome=&#8221;fa fa-camera&#8221; css_animation=&#8221;fadeInLeftBig&#8221; btn_link=&#8221;url:https%3A%2F%2Fdrive.google.com%2Fdrive%2Ffolders%2F11hWzAQhF9KGoiphvjLqipIA09psgDXJ-%3Fusp%3Ddrive_link|||&#8221;]FA\u00c7A O DOWNLOAD DAS FOTOS DO VIVA M\u00daSICA SHOW 2024 &#8211; FLORIAN\u00d3POLIS[\/vc_cta][vc_cta h2=&#8221;FOTOS EVENTO EM INDAIAL&#8221; add_button=&#8221;right&#8221; btn_title=&#8221;DOWNLOAD&#8221; btn_color=&#8221;danger&#8221; add_icon=&#8221;left&#8221; i_icon_fontawesome=&#8221;fa fa-camera&#8221; css_animation=&#8221;fadeInLeftBig&#8221; btn_link=&#8221;url:https%3A%2F%2Fdrive.google.com%2Fdrive%2Ffolders%2F1miDMNrxsKROZXZIc6KZljmV9aJ_tmEbN%3Fusp%3Ddrive_link|||&#8221;]FA\u00c7A O DOWNLOAD DAS FOTOS DO VIVA M\u00daSICA SHOW 2024 &#8211; INDAIAL[\/vc_cta][vc_cta h2=&#8221;FOTOS EVENTO EM ITUPORANGA&#8221; add_button=&#8221;right&#8221; btn_title=&#8221;DOWNLOAD&#8221; btn_color=&#8221;danger&#8221; add_icon=&#8221;left&#8221; i_icon_fontawesome=&#8221;fa fa-camera&#8221; css_animation=&#8221;fadeInLeftBig&#8221; btn_link=&#8221;url:https%3A%2F%2Fdrive.google.com%2Fdrive%2Ffolders%2F1huVxARLWQxh_iiYaoDeayl-JgzCJUXQn|||&#8221;]FA\u00c7A O DOWNLOAD DAS FOTOS DO VIVA M\u00daSICA SHOW 2024 &#8211; ITUPORANGA[\/vc_cta][vc_empty_space height=&#8221;55px&#8221;][\/vc_column][\/vc_row][vc_column][\/vc_column]<\/p>\n","protected":false},"excerpt":{"rendered":"<p>[vc_row][vc_column][vc_column_text] Download das Fotos [\/vc_column_text][vc_empty_space height=&#8221;55px&#8221;][vc_cta h2=&#8221;FOTOS EVENTO EM BLUMENAU&#8221; add_button=&#8221;right&#8221; btn_title=&#8221;DOWNLOAD&#8221; btn_color=&#8221;danger&#8221; add_icon=&#8221;left&#8221; i_icon_fontawesome=&#8221;fa fa-camera&#8221; css_animation=&#8221;fadeInLeftBig&#8221; btn_link=&#8221;url:https%3A%2F%2Fdrive.google.com%2Fdrive%2Ffolders%2F1eD2jOLgbIbgM1ZuWWDf_6hjLi4LaW5OO%3Fusp%3Dsharing|||&#8221;]FA\u00c7A O DOWNLOAD DAS FOTOS DO VIVA M\u00daSICA SHOW 2024 &#8211; BLUMENAU[\/vc_cta][vc_cta h2=&#8221;FOTOS EVENTO EM FLORIAN\u00d3POLIS&#8221; add_button=&#8221;right&#8221; btn_title=&#8221;DOWNLOAD&#8221; btn_color=&#8221;danger&#8221; add_icon=&#8221;left&#8221; i_icon_fontawesome=&#8221;fa fa-camera&#8221; css_animation=&#8221;fadeInLeftBig&#8221; btn_link=&#8221;url:https%3A%2F%2Fdrive.google.com%2Fdrive%2Ffolders%2F11hWzAQhF9KGoiphvjLqipIA09psgDXJ-%3Fusp%3Ddrive_link|||&#8221;]FA\u00c7A O DOWNLOAD DAS FOTOS DO VIVA M\u00daSICA SHOW 2024 &#8211; FLORIAN\u00d3POLIS[\/vc_cta][vc_cta h2=&#8221;FOTOS EVENTO EM&hellip;<\/p>\n","protected":false},"author":1,"featured_media":0,"parent":0,"menu_order":0,"comment_status":"closed","ping_status":"closed","template":"template-media-jgrid.php","meta":{"footnotes":""},"_links":{"self":[{"href":"https:\/\/vivamusica.org.br\/home\/wp-json\/wp\/v2\/pages\/153"}],"collection":[{"href":"https:\/\/vivamusica.org.br\/home\/wp-json\/wp\/v2\/pages"}],"about":[{"href":"https:\/\/vivamusica.org.br\/home\/wp-json\/wp\/v2\/types\/page"}],"author":[{"embeddable":true,"href":"https:\/\/vivamusica.org.br\/home\/wp-json\/wp\/v2\/users\/1"}],"replies":[{"embeddable":true,"href":"https:\/\/vivamusica.org.br\/home\/wp-json\/wp\/v2\/comments?post=153"}],"version-history":[{"count":5,"href":"https:\/\/vivamusica.org.br\/home\/wp-json\/wp\/v2\/pages\/153\/revisions"}],"predecessor-version":[{"id":677,"href":"https:\/\/vivamusica.org.br\/home\/wp-json\/wp\/v2\/pages\/153\/revisions\/677"}],"wp:attachment":[{"href":"https:\/\/vivamusica.org.br\/home\/wp-json\/wp\/v2\/media?parent=153"}],"curies":[{"name":"wp","href":"https:\/\/api.w.org\/{rel}","templated":true}]}}